{"id":1366,"date":"2011-04-11T17:53:06","date_gmt":"2011-04-11T17:53:06","guid":{"rendered":"http:\/\/www.equipeberube.com\/?page_id=1366"},"modified":"2016-12-17T18:06:59","modified_gmt":"2016-12-17T18:06:59","slug":"client-access","status":"publish","type":"page","link":"https:\/\/www.equipeberube.com\/en\/client-access","title":{"rendered":"Client access"},"content":{"rendered":"","protected":false},"excerpt":{"rendered":"","protected":false},"author":13,"featured_media":0,"parent":0,"menu_order":9999,"comment_status":"closed","ping_status":"closed","template":"","meta":{"footnotes":""},"class_list":["post-1366","page","type-page","status-publish","hentry"],"yoast_head":"<!-- This site is optimized with the Yoast SEO plugin v27.3 - https:\/\/yoast.com\/product\/yoast-seo-wordpress\/ -->\n<title>Client access | \u00c9quipe B\u00e9rub\u00e9 \/ Maisons \u00e0 vendre en Estrie<\/title>\n<meta name=\"description\" content=\"Houses, condos and lands for sale in Sherbrooke and everywhere in eastern township.\" \/>\n<meta name=\"robots\" content=\"index, follow, max-snippet:-1, max-image-preview:large, max-video-preview:-1\" \/>\n<link rel=\"canonical\" href=\"https:\/\/www.equipeberube.com\/en\/client-access\" \/>\n<meta property=\"og:locale\" content=\"en_US\" \/>\n<meta property=\"og:type\" content=\"article\" \/>\n<meta property=\"og:title\" content=\"Client access | \u00c9quipe B\u00e9rub\u00e9 \/ Maisons \u00e0 vendre en Estrie\" \/>\n<meta property=\"og:url\" content=\"https:\/\/www.equipeberube.com\/en\/client-access\" \/>\n<meta property=\"og:site_name\" content=\"\u00c9quipe B\u00e9rub\u00e9 \/ Maisons \u00e0 vendre en Estrie\" \/>\n<meta property=\"article:publisher\" content=\"https:\/\/www.facebook.com\/EquipeBerube\/\" \/>\n<meta property=\"article:modified_time\" content=\"2016-12-17T18:06:59+00:00\" \/>\n<meta name=\"twitter:card\" content=\"summary_large_image\" \/>\n<meta name=\"twitter:site\" content=\"@equipeberube\" \/>\n<script type=\"application\/ld+json\" class=\"yoast-schema-graph\">{\"@context\":\"https:\\\/\\\/schema.org\",\"@graph\":[{\"@type\":\"WebPage\",\"@id\":\"https:\\\/\\\/www.equipeberube.com\\\/en\\\/client-access\",\"url\":\"https:\\\/\\\/www.equipeberube.com\\\/en\\\/client-access\",\"name\":\"Client access | \u00c9quipe B\u00e9rub\u00e9 \\\/ Maisons \u00e0 vendre en Estrie\",\"isPartOf\":{\"@id\":\"https:\\\/\\\/www.equipeberube.com\\\/#website\"},\"datePublished\":\"2011-04-11T17:53:06+00:00\",\"dateModified\":\"2016-12-17T18:06:59+00:00\",\"breadcrumb\":{\"@id\":\"https:\\\/\\\/www.equipeberube.com\\\/en\\\/client-access#breadcrumb\"},\"inLanguage\":\"en-US\",\"potentialAction\":[{\"@type\":\"ReadAction\",\"target\":[\"https:\\\/\\\/www.equipeberube.com\\\/en\\\/client-access\"]}]},{\"@type\":\"BreadcrumbList\",\"@id\":\"https:\\\/\\\/www.equipeberube.com\\\/en\\\/client-access#breadcrumb\",\"itemListElement\":[{\"@type\":\"ListItem\",\"position\":1,\"name\":\"Accueil\",\"item\":\"https:\\\/\\\/www.equipeberube.com\\\/\"},{\"@type\":\"ListItem\",\"position\":2,\"name\":\"Client access\"}]},{\"@type\":\"WebSite\",\"@id\":\"https:\\\/\\\/www.equipeberube.com\\\/#website\",\"url\":\"https:\\\/\\\/www.equipeberube.com\\\/\",\"name\":\"\u00c9quipe B\u00e9rub\u00e9 \\\/ Maisons \u00e0 vendre en Estrie\",\"description\":\"\",\"publisher\":{\"@id\":\"https:\\\/\\\/www.equipeberube.com\\\/#organization\"},\"potentialAction\":[{\"@type\":\"SearchAction\",\"target\":{\"@type\":\"EntryPoint\",\"urlTemplate\":\"https:\\\/\\\/www.equipeberube.com\\\/?s={search_term_string}\"},\"query-input\":{\"@type\":\"PropertyValueSpecification\",\"valueRequired\":true,\"valueName\":\"search_term_string\"}}],\"inLanguage\":\"en-US\"},{\"@type\":\"Organization\",\"@id\":\"https:\\\/\\\/www.equipeberube.com\\\/#organization\",\"name\":\"\u00c9quipe B\u00e9rub\u00e9\",\"url\":\"https:\\\/\\\/www.equipeberube.com\\\/\",\"logo\":{\"@type\":\"ImageObject\",\"inLanguage\":\"en-US\",\"@id\":\"https:\\\/\\\/www.equipeberube.com\\\/#\\\/schema\\\/logo\\\/image\\\/\",\"url\":\"https:\\\/\\\/www.equipeberube.com\\\/wp-content\\\/uploads\\\/2018\\\/05\\\/Logo.png\",\"contentUrl\":\"https:\\\/\\\/www.equipeberube.com\\\/wp-content\\\/uploads\\\/2018\\\/05\\\/Logo.png\",\"width\":80,\"height\":80,\"caption\":\"\u00c9quipe B\u00e9rub\u00e9\"},\"image\":{\"@id\":\"https:\\\/\\\/www.equipeberube.com\\\/#\\\/schema\\\/logo\\\/image\\\/\"},\"sameAs\":[\"https:\\\/\\\/www.facebook.com\\\/EquipeBerube\\\/\",\"https:\\\/\\\/x.com\\\/equipeberube\",\"https:\\\/\\\/www.instagram.com\\\/equipeberube_estrie\\\/\",\"https:\\\/\\\/www.linkedin.com\\\/in\\\/jean-fran\u00e7ois-b\u00e9rub\u00e9-86594543\\\/\",\"https:\\\/\\\/www.pinterest.ca\\\/equipeberube\\\/\",\"https:\\\/\\\/www.youtube.com\\\/user\\\/EquipeBerube\"]}]}<\/script>\n<!-- \/ Yoast SEO plugin. -->","yoast_head_json":{"title":"Client access | \u00c9quipe B\u00e9rub\u00e9 \/ Maisons \u00e0 vendre en Estrie","description":"Houses, condos and lands for sale in Sherbrooke and everywhere in eastern township.","robots":{"index":"index","follow":"follow","max-snippet":"max-snippet:-1","max-image-preview":"max-image-preview:large","max-video-preview":"max-video-preview:-1"},"canonical":"https:\/\/www.equipeberube.com\/en\/client-access","og_locale":"en_US","og_type":"article","og_title":"Client access | \u00c9quipe B\u00e9rub\u00e9 \/ Maisons \u00e0 vendre en Estrie","og_url":"https:\/\/www.equipeberube.com\/en\/client-access","og_site_name":"\u00c9quipe B\u00e9rub\u00e9 \/ Maisons \u00e0 vendre en Estrie","article_publisher":"https:\/\/www.facebook.com\/EquipeBerube\/","article_modified_time":"2016-12-17T18:06:59+00:00","twitter_card":"summary_large_image","twitter_site":"@equipeberube","schema":{"@context":"https:\/\/schema.org","@graph":[{"@type":"WebPage","@id":"https:\/\/www.equipeberube.com\/en\/client-access","url":"https:\/\/www.equipeberube.com\/en\/client-access","name":"Client access | \u00c9quipe B\u00e9rub\u00e9 \/ Maisons \u00e0 vendre en Estrie","isPartOf":{"@id":"https:\/\/www.equipeberube.com\/#website"},"datePublished":"2011-04-11T17:53:06+00:00","dateModified":"2016-12-17T18:06:59+00:00","breadcrumb":{"@id":"https:\/\/www.equipeberube.com\/en\/client-access#breadcrumb"},"inLanguage":"en-US","potentialAction":[{"@type":"ReadAction","target":["https:\/\/www.equipeberube.com\/en\/client-access"]}]},{"@type":"BreadcrumbList","@id":"https:\/\/www.equipeberube.com\/en\/client-access#breadcrumb","itemListElement":[{"@type":"ListItem","position":1,"name":"Accueil","item":"https:\/\/www.equipeberube.com\/"},{"@type":"ListItem","position":2,"name":"Client access"}]},{"@type":"WebSite","@id":"https:\/\/www.equipeberube.com\/#website","url":"https:\/\/www.equipeberube.com\/","name":"\u00c9quipe B\u00e9rub\u00e9 \/ Maisons \u00e0 vendre en Estrie","description":"","publisher":{"@id":"https:\/\/www.equipeberube.com\/#organization"},"potentialAction":[{"@type":"SearchAction","target":{"@type":"EntryPoint","urlTemplate":"https:\/\/www.equipeberube.com\/?s={search_term_string}"},"query-input":{"@type":"PropertyValueSpecification","valueRequired":true,"valueName":"search_term_string"}}],"inLanguage":"en-US"},{"@type":"Organization","@id":"https:\/\/www.equipeberube.com\/#organization","name":"\u00c9quipe B\u00e9rub\u00e9","url":"https:\/\/www.equipeberube.com\/","logo":{"@type":"ImageObject","inLanguage":"en-US","@id":"https:\/\/www.equipeberube.com\/#\/schema\/logo\/image\/","url":"https:\/\/www.equipeberube.com\/wp-content\/uploads\/2018\/05\/Logo.png","contentUrl":"https:\/\/www.equipeberube.com\/wp-content\/uploads\/2018\/05\/Logo.png","width":80,"height":80,"caption":"\u00c9quipe B\u00e9rub\u00e9"},"image":{"@id":"https:\/\/www.equipeberube.com\/#\/schema\/logo\/image\/"},"sameAs":["https:\/\/www.facebook.com\/EquipeBerube\/","https:\/\/x.com\/equipeberube","https:\/\/www.instagram.com\/equipeberube_estrie\/","https:\/\/www.linkedin.com\/in\/jean-fran\u00e7ois-b\u00e9rub\u00e9-86594543\/","https:\/\/www.pinterest.ca\/equipeberube\/","https:\/\/www.youtube.com\/user\/EquipeBerube"]}]}},"_links":{"self":[{"href":"https:\/\/www.equipeberube.com\/en\/wp-json\/wp\/v2\/pages\/1366","targetHints":{"allow":["GET"]}}],"collection":[{"href":"https:\/\/www.equipeberube.com\/en\/wp-json\/wp\/v2\/pages"}],"about":[{"href":"https:\/\/www.equipeberube.com\/en\/wp-json\/wp\/v2\/types\/page"}],"author":[{"embeddable":true,"href":"https:\/\/www.equipeberube.com\/en\/wp-json\/wp\/v2\/users\/13"}],"replies":[{"embeddable":true,"href":"https:\/\/www.equipeberube.com\/en\/wp-json\/wp\/v2\/comments?post=1366"}],"version-history":[{"count":4,"href":"https:\/\/www.equipeberube.com\/en\/wp-json\/wp\/v2\/pages\/1366\/revisions"}],"predecessor-version":[{"id":17888,"href":"https:\/\/www.equipeberube.com\/en\/wp-json\/wp\/v2\/pages\/1366\/revisions\/17888"}],"wp:attachment":[{"href":"https:\/\/www.equipeberube.com\/en\/wp-json\/wp\/v2\/media?parent=1366"}],"curies":[{"name":"wp","href":"https:\/\/api.w.org\/{rel}","templated":true}]}}